{"id":5551,"date":"2024-12-03T10:10:32","date_gmt":"2024-12-03T10:10:32","guid":{"rendered":"https:\/\/deguva.lt\/?page_id=5551"},"modified":"2024-12-06T14:57:38","modified_gmt":"2024-12-06T14:57:38","slug":"silumos-siurbliai-kondicionieriai-2","status":"publish","type":"page","link":"https:\/\/www.deguva.lt\/en\/silumos-siurbliai-kondicionieriai-2\/","title":{"rendered":"Recuperation systems"},"content":{"rendered":"<div data-elementor-type=\"wp-post\" data-elementor-id=\"5551\" class=\"elementor elementor-5551\">\n\t\t\t\t<div class=\"elementor-element elementor-element-c7bafd9 e-flex e-con-boxed e-con e-parent\" data-id=\"c7bafd9\" data-element_type=\"container\" data-settings=\"{&quot;background_background&quot;:&quot;classic&quot;}\">\n\t\t\t\t\t<div class=\"e-con-inner\">\n\t\t<div class=\"elementor-element elementor-element-dd6a178 e-con-full e-flex e-con e-child\" data-id=\"dd6a178\" data-element_type=\"container\">\n\t\t\t\t<div class=\"elementor-element elementor-element-cb9a59a elementor-widget elementor-widget-heading\" data-id=\"cb9a59a\" data-element_type=\"widget\" data-widget_type=\"heading.default\">\n\t\t\t\t<div class=\"elementor-widget-container\">\n\t\t\t<h1 class=\"elementor-heading-title elementor-size-default\">Rekuperacin\u0117s v\u0117dinimo sistemos<\/h1>\t\t<\/div>\n\t\t\t\t<\/div>\n\t\t\t\t<div class=\"elementor-element elementor-element-87a8446 elementor-widget elementor-widget-text-editor\" data-id=\"87a8446\" data-element_type=\"widget\" data-widget_type=\"text-editor.default\">\n\t\t\t\t<div class=\"elementor-widget-container\">\n\t\t\t\t\t\t\t<p>Nepakankamas patalp\u0173 v\u0117dinimas gali s\u0105lygoti nema\u017eai problem\u0173 pastato viduje \u2014 tai pagrindin\u0117 prie\u017eastis b\u016bstuose (ypa\u010d naujuose ar renovuotuose) sukelianti \u201esergan\u010dio namo\u201c sindrom\u0105.<\/p><p>Slogus oras, lydimas per didelio ar per ma\u017eo dr\u0117gm\u0117s lygio, sudaro puikias s\u0105lygas plisti \u012fvairioms bakterijoms, pel\u0117siui ar puviniui, sukelia nuovarg\u012f ir \u012fvairius sveikatos negalavimus, o taip pat kenkia ir pa\u010diam pastatui.<\/p>\t\t\t\t\t\t<\/div>\n\t\t\t\t<\/div>\n\t\t\t\t<\/div>\n\t\t\t\t\t<\/div>\n\t\t\t\t<\/div>\n\t\t<div class=\"elementor-element elementor-element-d7ce826 e-flex e-con-boxed e-con e-child\" data-id=\"d7ce826\" data-element_type=\"container\">\n\t\t\t\t\t<div class=\"e-con-inner\">\n\t\t<div class=\"elementor-element elementor-element-c2987f2 e-con-full e-flex e-con e-child\" data-id=\"c2987f2\" data-element_type=\"container\">\n\t\t\t\t<div class=\"elementor-element elementor-element-53f6268 elementor-position-top elementor-widget elementor-widget-image-box\" data-id=\"53f6268\" data-element_type=\"widget\" data-widget_type=\"image-box.default\">\n\t\t\t\t<div class=\"elementor-widget-container\">\n\t\t\t<div class=\"elementor-image-box-wrapper\"><figure class=\"elementor-image-box-img\"><img fetchpriority=\"high\" decoding=\"async\" width=\"248\" height=\"342\" src=\"https:\/\/www.deguva.lt\/wp-content\/uploads\/2024\/12\/Rekuperatorius_3.jpg\" class=\"attachment-full size-full wp-image-5959\" alt=\"\" \/><\/figure><div class=\"elementor-image-box-content\"><h3 class=\"elementor-image-box-title\">Komfovent<\/h3><p class=\"elementor-image-box-description\">Rekuperatorius buitinis<\/p><\/div><\/div>\t\t<\/div>\n\t\t\t\t<\/div>\n\t\t\t\t<\/div>\n\t\t<div class=\"elementor-element elementor-element-386578d e-con-full e-flex e-con e-child\" data-id=\"386578d\" data-element_type=\"container\">\n\t\t\t\t<div class=\"elementor-element elementor-element-177dbf2 elementor-position-top elementor-widget elementor-widget-image-box\" data-id=\"177dbf2\" data-element_type=\"widget\" data-widget_type=\"image-box.default\">\n\t\t\t\t<div class=\"elementor-widget-container\">\n\t\t\t<div class=\"elementor-image-box-wrapper\"><figure class=\"elementor-image-box-img\"><img decoding=\"async\" width=\"300\" height=\"414\" src=\"https:\/\/www.deguva.lt\/wp-content\/uploads\/2024\/12\/Rekuperatorius_1.jpg\" class=\"attachment-full size-full wp-image-5956\" alt=\"\" \/><\/figure><div class=\"elementor-image-box-content\"><h3 class=\"elementor-image-box-title\">Brink\u00a0Air 70<\/h3><p class=\"elementor-image-box-description\">Rekuperatorius be lauko groteli\u0173<\/p><\/div><\/div>\t\t<\/div>\n\t\t\t\t<\/div>\n\t\t\t\t<\/div>\n\t\t<div class=\"elementor-element elementor-element-469e947 e-con-full e-flex e-con e-child\" data-id=\"469e947\" data-element_type=\"container\">\n\t\t\t\t<div class=\"elementor-element elementor-element-95ab257 elementor-position-top elementor-widget elementor-widget-image-box\" data-id=\"95ab257\" data-element_type=\"widget\" data-widget_type=\"image-box.default\">\n\t\t\t\t<div class=\"elementor-widget-container\">\n\t\t\t<div class=\"elementor-image-box-wrapper\"><figure class=\"elementor-image-box-img\"><img decoding=\"async\" width=\"500\" height=\"500\" src=\"https:\/\/www.deguva.lt\/wp-content\/uploads\/2024\/12\/Rekuperatorius_Vedinimas.jpg\" class=\"attachment-full size-full wp-image-5957\" alt=\"\" srcset=\"https:\/\/www.deguva.lt\/wp-content\/uploads\/2024\/12\/Rekuperatorius_Vedinimas.jpg 500w, https:\/\/www.deguva.lt\/wp-content\/uploads\/2024\/12\/Rekuperatorius_Vedinimas-300x300.jpg 300w, https:\/\/www.deguva.lt\/wp-content\/uploads\/2024\/12\/Rekuperatorius_Vedinimas-150x150.jpg 150w, https:\/\/www.deguva.lt\/wp-content\/uploads\/2024\/12\/Rekuperatorius_Vedinimas-100x100.jpg 100w\" sizes=\"(max-width: 500px) 100vw, 500px\" \/><\/figure><div class=\"elementor-image-box-content\"><h3 class=\"elementor-image-box-title\">Mitsubishi\u00a0VL-50S2-E<\/h3><p class=\"elementor-image-box-description\">Kompakti\u0161kas sieninis mini rekuperatorius<\/p><\/div><\/div>\t\t<\/div>\n\t\t\t\t<\/div>\n\t\t\t\t<\/div>\n\t\t<div class=\"elementor-element elementor-element-1a71ee8 e-con-full e-flex e-con e-child\" data-id=\"1a71ee8\" data-element_type=\"container\">\n\t\t\t\t<div class=\"elementor-element elementor-element-ac002ef elementor-position-top elementor-widget elementor-widget-image-box\" data-id=\"ac002ef\" data-element_type=\"widget\" data-widget_type=\"image-box.default\">\n\t\t\t\t<div class=\"elementor-widget-container\">\n\t\t\t<div class=\"elementor-image-box-wrapper\"><figure class=\"elementor-image-box-img\"><img fetchpriority=\"high\" decoding=\"async\" width=\"248\" height=\"342\" src=\"https:\/\/www.deguva.lt\/wp-content\/uploads\/2024\/12\/Rekuperatorius_3.jpg\" class=\"attachment-full size-full wp-image-5959\" alt=\"\" \/><\/figure><div class=\"elementor-image-box-content\"><h3 class=\"elementor-image-box-title\">Mitsubishi V-100U5-E <\/h3><p class=\"elementor-image-box-description\">Itin efektyvi sienin\u0117 mini rekuperacin\u0117 sistema<\/p><\/div><\/div>\t\t<\/div>\n\t\t\t\t<\/div>\n\t\t\t\t<\/div>\n\t\t\t\t\t<\/div>\n\t\t\t\t<\/div>\n\t\t<div class=\"elementor-element elementor-element-a5168a3 e-flex e-con-boxed e-con e-parent\" data-id=\"a5168a3\" data-element_type=\"container\">\n\t\t\t\t\t<div class=\"e-con-inner\">\n\t\t\t\t<div class=\"elementor-element elementor-element-94d6867 elementor-align-center elementor-widget elementor-widget-button\" data-id=\"94d6867\" data-element_type=\"widget\" data-widget_type=\"button.default\">\n\t\t\t\t<div class=\"elementor-widget-container\">\n\t\t\t\t\t\t\t<div class=\"elementor-button-wrapper\">\n\t\t\t\t\t<a class=\"elementor-button elementor-button-link elementor-size-sm\" href=\"https:\/\/www.deguva.lt\/en\/kontaktai\/\">\n\t\t\t\t\t\t<span class=\"elementor-button-content-wrapper\">\n\t\t\t\t\t\t\t\t\t<span class=\"elementor-button-text\">Contact<\/span>\n\t\t\t\t\t<\/span>\n\t\t\t\t\t<\/a>\n\t\t\t\t<\/div>\n\t\t\t\t\t\t<\/div>\n\t\t\t\t<\/div>\n\t\t\t\t\t<\/div>\n\t\t\t\t<\/div>\n\t\t\t\t<\/div>","protected":false},"excerpt":{"rendered":"<p>Rekuperacin\u0117s v\u0117dinimo sistemos Nepakankamas patalp\u0173 v\u0117dinimas gali s\u0105lygoti nema\u017eai problem\u0173 pastato viduje \u2014 tai pagrindin\u0117 prie\u017eastis b\u016bstuose (ypa\u010d naujuose ar renovuotuose) sukelianti \u201esergan\u010dio namo\u201c sindrom\u0105. Slogus oras, lydimas per didelio ar per ma\u017eo dr\u0117gm\u0117s lygio, sudaro puikias s\u0105lygas plisti \u012fvairioms bakterijoms, pel\u0117siui ar puviniui, sukelia nuovarg\u012f ir \u012fvairius sveikatos negalavimus, o taip pat kenkia ir [&hellip;]<\/p>","protected":false},"author":1,"featured_media":0,"parent":0,"menu_order":0,"comment_status":"closed","ping_status":"closed","template":"","meta":{"site-sidebar-layout":"no-sidebar","site-content-layout":"page-builder","ast-site-content-layout":"","site-content-style":"default","site-sidebar-style":"default","ast-global-header-display":"","ast-banner-title-visibility":"","ast-main-header-display":"","ast-hfb-above-header-display":"","ast-hfb-below-header-display":"","ast-hfb-mobile-header-display":"","site-post-title":"disabled","ast-breadcrumbs-content":"","ast-featured-img":"disabled","footer-sml-layout":"","theme-transparent-header-meta":"enabled","adv-header-id-meta":"","stick-header-meta":"","header-above-stick-meta":"","header-main-stick-meta":"","header-below-stick-meta":"","astra-migrate-meta-layouts":"default","ast-page-background-enabled":"default","ast-page-background-meta":{"desktop":{"background-color":"","background-image":"","background-repeat":"repeat","background-position":"center center","background-size":"auto","background-attachment":"scroll","background-type":"","background-media":"","overlay-type":"","overlay-color":"","overlay-opacity":"","overlay-gradient":""},"tablet":{"background-color":"","background-image":"","background-repeat":"repeat","background-position":"center center","background-size":"auto","background-attachment":"scroll","background-type":"","background-media":"","overlay-type":"","overlay-color":"","overlay-opacity":"","overlay-gradient":""},"mobile":{"background-color":"","background-image":"","background-repeat":"repeat","background-position":"center center","background-size":"auto","background-attachment":"scroll","background-type":"","background-media":"","overlay-type":"","overlay-color":"","overlay-opacity":"","overlay-gradient":""}},"ast-content-background-meta":{"desktop":{"background-color":"var(--ast-global-color-5)","background-image":"","background-repeat":"repeat","background-position":"center center","background-size":"auto","background-attachment":"scroll","background-type":"","background-media":"","overlay-type":"","overlay-color":"","overlay-opacity":"","overlay-gradient":""},"tablet":{"background-color":"var(--ast-global-color-5)","background-image":"","background-repeat":"repeat","background-position":"center center","background-size":"auto","background-attachment":"scroll","background-type":"","background-media":"","overlay-type":"","overlay-color":"","overlay-opacity":"","overlay-gradient":""},"mobile":{"background-color":"var(--ast-global-color-5)","background-image":"","background-repeat":"repeat","background-position":"center center","background-size":"auto","background-attachment":"scroll","background-type":"","background-media":"","overlay-type":"","overlay-color":"","overlay-opacity":"","overlay-gradient":""}},"footnotes":""},"class_list":["post-5551","page","type-page","status-publish","hentry"],"_links":{"self":[{"href":"https:\/\/www.deguva.lt\/en\/wp-json\/wp\/v2\/pages\/5551","targetHints":{"allow":["GET"]}}],"collection":[{"href":"https:\/\/www.deguva.lt\/en\/wp-json\/wp\/v2\/pages"}],"about":[{"href":"https:\/\/www.deguva.lt\/en\/wp-json\/wp\/v2\/types\/page"}],"author":[{"embeddable":true,"href":"https:\/\/www.deguva.lt\/en\/wp-json\/wp\/v2\/users\/1"}],"replies":[{"embeddable":true,"href":"https:\/\/www.deguva.lt\/en\/wp-json\/wp\/v2\/comments?post=5551"}],"version-history":[{"count":11,"href":"https:\/\/www.deguva.lt\/en\/wp-json\/wp\/v2\/pages\/5551\/revisions"}],"predecessor-version":[{"id":6241,"href":"https:\/\/www.deguva.lt\/en\/wp-json\/wp\/v2\/pages\/5551\/revisions\/6241"}],"wp:attachment":[{"href":"https:\/\/www.deguva.lt\/en\/wp-json\/wp\/v2\/media?parent=5551"}],"curies":[{"name":"wp","href":"https:\/\/api.w.org\/{rel}","templated":true}]}}