{"id":5527,"date":"2024-12-03T10:11:32","date_gmt":"2024-12-03T10:11:32","guid":{"rendered":"https:\/\/deguva.lt\/?page_id=5527"},"modified":"2024-12-03T10:13:53","modified_gmt":"2024-12-03T10:13:53","slug":"kondicionavimas","status":"publish","type":"page","link":"https:\/\/www.deguva.lt\/en\/kondicionavimas\/","title":{"rendered":"Katilai, \u0161ilumos siurbliai, v\u0117dinimo sistemos"},"content":{"rendered":"<div data-elementor-type=\"wp-post\" data-elementor-id=\"5527\" class=\"elementor elementor-5527\">\n\t\t\t\t<div class=\"elementor-element elementor-element-c7bafd9 e-flex e-con-boxed e-con e-parent\" data-id=\"c7bafd9\" data-element_type=\"container\" data-settings=\"{&quot;background_background&quot;:&quot;classic&quot;}\">\n\t\t\t\t\t<div class=\"e-con-inner\">\n\t\t<div class=\"elementor-element elementor-element-dd6a178 e-con-full e-flex e-con e-child\" data-id=\"dd6a178\" data-element_type=\"container\">\n\t\t\t\t<div class=\"elementor-element elementor-element-cb9a59a elementor-widget elementor-widget-heading\" data-id=\"cb9a59a\" data-element_type=\"widget\" data-widget_type=\"heading.default\">\n\t\t\t\t<div class=\"elementor-widget-container\">\n\t\t\t<h1 class=\"elementor-heading-title elementor-size-default\">\u0160ildymas, v\u0117dinimas, rekuperacija<\/h1>\t\t<\/div>\n\t\t\t\t<\/div>\n\t\t\t\t<\/div>\n\t\t\t\t\t<\/div>\n\t\t\t\t<\/div>\n\t\t<div class=\"elementor-element elementor-element-d7ce826 e-flex e-con-boxed e-con e-child\" data-id=\"d7ce826\" data-element_type=\"container\">\n\t\t\t\t\t<div class=\"e-con-inner\">\n\t\t<div class=\"elementor-element elementor-element-c2987f2 e-con-full e-flex e-con e-child\" data-id=\"c2987f2\" data-element_type=\"container\">\n\t\t\t\t<div class=\"elementor-element elementor-element-53f6268 elementor-position-top elementor-widget elementor-widget-image-box\" data-id=\"53f6268\" data-element_type=\"widget\" data-widget_type=\"image-box.default\">\n\t\t\t\t<div class=\"elementor-widget-container\">\n\t\t\t<div class=\"elementor-image-box-wrapper\"><figure class=\"elementor-image-box-img\"><img fetchpriority=\"high\" decoding=\"async\" width=\"500\" height=\"500\" src=\"https:\/\/www.deguva.lt\/wp-content\/uploads\/2024\/11\/3.png\" class=\"attachment-full size-full wp-image-5210\" alt=\"\" srcset=\"https:\/\/www.deguva.lt\/wp-content\/uploads\/2024\/11\/3.png 500w, https:\/\/www.deguva.lt\/wp-content\/uploads\/2024\/11\/3-300x300.png 300w, https:\/\/www.deguva.lt\/wp-content\/uploads\/2024\/11\/3-150x150.png 150w, https:\/\/www.deguva.lt\/wp-content\/uploads\/2024\/11\/3-100x100.png 100w\" sizes=\"(max-width: 500px) 100vw, 500px\" \/><\/figure><div class=\"elementor-image-box-content\"><h3 class=\"elementor-image-box-title\">KATILAI<\/h3><\/div><\/div>\t\t<\/div>\n\t\t\t\t<\/div>\n\t\t\t\t<div class=\"elementor-element elementor-element-fe0026c elementor-align-center elementor-widget elementor-widget-button\" data-id=\"fe0026c\" data-element_type=\"widget\" data-widget_type=\"button.default\">\n\t\t\t\t<div class=\"elementor-widget-container\">\n\t\t\t\t\t\t\t<div class=\"elementor-button-wrapper\">\n\t\t\t\t\t<a class=\"elementor-button elementor-button-link elementor-size-sm\" href=\"https:\/\/www.deguva.lt\/en\/katilai\/\">\n\t\t\t\t\t\t<span class=\"elementor-button-content-wrapper\">\n\t\t\t\t\t\t\t\t\t<span class=\"elementor-button-text\">Rinktis<\/span>\n\t\t\t\t\t<\/span>\n\t\t\t\t\t<\/a>\n\t\t\t\t<\/div>\n\t\t\t\t\t\t<\/div>\n\t\t\t\t<\/div>\n\t\t\t\t<\/div>\n\t\t<div class=\"elementor-element elementor-element-17cfc18 e-con-full e-flex e-con e-child\" data-id=\"17cfc18\" data-element_type=\"container\">\n\t\t\t\t<div class=\"elementor-element elementor-element-3f500aa elementor-position-top elementor-widget elementor-widget-image-box\" data-id=\"3f500aa\" data-element_type=\"widget\" data-widget_type=\"image-box.default\">\n\t\t\t\t<div class=\"elementor-widget-container\">\n\t\t\t<div class=\"elementor-image-box-wrapper\"><figure class=\"elementor-image-box-img\"><img decoding=\"async\" width=\"500\" height=\"500\" src=\"https:\/\/www.deguva.lt\/wp-content\/uploads\/2024\/11\/1.png\" class=\"attachment-full size-full wp-image-5208\" alt=\"\" srcset=\"https:\/\/www.deguva.lt\/wp-content\/uploads\/2024\/11\/1.png 500w, https:\/\/www.deguva.lt\/wp-content\/uploads\/2024\/11\/1-300x300.png 300w, https:\/\/www.deguva.lt\/wp-content\/uploads\/2024\/11\/1-150x150.png 150w, https:\/\/www.deguva.lt\/wp-content\/uploads\/2024\/11\/1-100x100.png 100w\" sizes=\"(max-width: 500px) 100vw, 500px\" \/><\/figure><div class=\"elementor-image-box-content\"><h3 class=\"elementor-image-box-title\">\u0160ILUMOS SIURBLIAI, KONDICIONIERIAI<\/h3><\/div><\/div>\t\t<\/div>\n\t\t\t\t<\/div>\n\t\t\t\t<div class=\"elementor-element elementor-element-02dd685 elementor-align-center elementor-widget elementor-widget-button\" data-id=\"02dd685\" data-element_type=\"widget\" data-widget_type=\"button.default\">\n\t\t\t\t<div class=\"elementor-widget-container\">\n\t\t\t\t\t\t\t<div class=\"elementor-button-wrapper\">\n\t\t\t\t\t<a class=\"elementor-button elementor-button-link elementor-size-sm\" href=\"https:\/\/www.deguva.lt\/en\/katilai\/\">\n\t\t\t\t\t\t<span class=\"elementor-button-content-wrapper\">\n\t\t\t\t\t\t\t\t\t<span class=\"elementor-button-text\">Rinktis<\/span>\n\t\t\t\t\t<\/span>\n\t\t\t\t\t<\/a>\n\t\t\t\t<\/div>\n\t\t\t\t\t\t<\/div>\n\t\t\t\t<\/div>\n\t\t\t\t<\/div>\n\t\t<div class=\"elementor-element elementor-element-5c5c08b e-con-full e-flex e-con e-child\" data-id=\"5c5c08b\" data-element_type=\"container\">\n\t\t\t\t<div class=\"elementor-element elementor-element-e44e042 elementor-position-top elementor-widget elementor-widget-image-box\" data-id=\"e44e042\" data-element_type=\"widget\" data-widget_type=\"image-box.default\">\n\t\t\t\t<div class=\"elementor-widget-container\">\n\t\t\t<div class=\"elementor-image-box-wrapper\"><figure class=\"elementor-image-box-img\"><img decoding=\"async\" width=\"500\" height=\"500\" src=\"https:\/\/www.deguva.lt\/wp-content\/uploads\/2024\/11\/2.png\" class=\"attachment-full size-full wp-image-5209\" alt=\"\" srcset=\"https:\/\/www.deguva.lt\/wp-content\/uploads\/2024\/11\/2.png 500w, https:\/\/www.deguva.lt\/wp-content\/uploads\/2024\/11\/2-300x300.png 300w, https:\/\/www.deguva.lt\/wp-content\/uploads\/2024\/11\/2-150x150.png 150w, https:\/\/www.deguva.lt\/wp-content\/uploads\/2024\/11\/2-100x100.png 100w\" sizes=\"(max-width: 500px) 100vw, 500px\" \/><\/figure><div class=\"elementor-image-box-content\"><h3 class=\"elementor-image-box-title\">REKUPERACIN\u0116S SISTEMOS<\/h3><\/div><\/div>\t\t<\/div>\n\t\t\t\t<\/div>\n\t\t\t\t<div class=\"elementor-element elementor-element-053a897 elementor-align-center elementor-widget elementor-widget-button\" data-id=\"053a897\" data-element_type=\"widget\" data-widget_type=\"button.default\">\n\t\t\t\t<div class=\"elementor-widget-container\">\n\t\t\t\t\t\t\t<div class=\"elementor-button-wrapper\">\n\t\t\t\t\t<a class=\"elementor-button elementor-button-link elementor-size-sm\" href=\"https:\/\/www.deguva.lt\/en\/katilai\/\">\n\t\t\t\t\t\t<span class=\"elementor-button-content-wrapper\">\n\t\t\t\t\t\t\t\t\t<span class=\"elementor-button-text\">Rinktis<\/span>\n\t\t\t\t\t<\/span>\n\t\t\t\t\t<\/a>\n\t\t\t\t<\/div>\n\t\t\t\t\t\t<\/div>\n\t\t\t\t<\/div>\n\t\t\t\t<\/div>\n\t\t\t\t\t<\/div>\n\t\t\t\t<\/div>\n\t\t\t\t<\/div>","protected":false},"excerpt":{"rendered":"<p>\u0160ildymas, v\u0117dinimas, rekuperacija KATILAI Rinktis \u0160ILUMOS SIURBLIAI, KONDICIONIERIAI Rinktis REKUPERACIN\u0116S SISTEMOS Rinktis<\/p>","protected":false},"author":1,"featured_media":0,"parent":0,"menu_order":0,"comment_status":"closed","ping_status":"closed","template":"","meta":{"site-sidebar-layout":"no-sidebar","site-content-layout":"page-builder","ast-site-content-layout":"","site-content-style":"default","site-sidebar-style":"default","ast-global-header-display":"","ast-banner-title-visibility":"","ast-main-header-display":"","ast-hfb-above-header-display":"","ast-hfb-below-header-display":"","ast-hfb-mobile-header-display":"","site-post-title":"disabled","ast-breadcrumbs-content":"","ast-featured-img":"disabled","footer-sml-layout":"","theme-transparent-header-meta":"enabled","adv-header-id-meta":"","stick-header-meta":"","header-above-stick-meta":"","header-main-stick-meta":"","header-below-stick-meta":"","astra-migrate-meta-layouts":"default","ast-page-background-enabled":"default","ast-page-background-meta":{"desktop":{"background-color":"","background-image":"","background-repeat":"repeat","background-position":"center center","background-size":"auto","background-attachment":"scroll","background-type":"","background-media":"","overlay-type":"","overlay-color":"","overlay-opacity":"","overlay-gradient":""},"tablet":{"background-color":"","background-image":"","background-repeat":"repeat","background-position":"center center","background-size":"auto","background-attachment":"scroll","background-type":"","background-media":"","overlay-type":"","overlay-color":"","overlay-opacity":"","overlay-gradient":""},"mobile":{"background-color":"","background-image":"","background-repeat":"repeat","background-position":"center center","background-size":"auto","background-attachment":"scroll","background-type":"","background-media":"","overlay-type":"","overlay-color":"","overlay-opacity":"","overlay-gradient":""}},"ast-content-background-meta":{"desktop":{"background-color":"var(--ast-global-color-5)","background-image":"","background-repeat":"repeat","background-position":"center center","background-size":"auto","background-attachment":"scroll","background-type":"","background-media":"","overlay-type":"","overlay-color":"","overlay-opacity":"","overlay-gradient":""},"tablet":{"background-color":"var(--ast-global-color-5)","background-image":"","background-repeat":"repeat","background-position":"center center","background-size":"auto","background-attachment":"scroll","background-type":"","background-media":"","overlay-type":"","overlay-color":"","overlay-opacity":"","overlay-gradient":""},"mobile":{"background-color":"var(--ast-global-color-5)","background-image":"","background-repeat":"repeat","background-position":"center center","background-size":"auto","background-attachment":"scroll","background-type":"","background-media":"","overlay-type":"","overlay-color":"","overlay-opacity":"","overlay-gradient":""}},"footnotes":""},"class_list":["post-5527","page","type-page","status-publish","hentry"],"_links":{"self":[{"href":"https:\/\/www.deguva.lt\/en\/wp-json\/wp\/v2\/pages\/5527","targetHints":{"allow":["GET"]}}],"collection":[{"href":"https:\/\/www.deguva.lt\/en\/wp-json\/wp\/v2\/pages"}],"about":[{"href":"https:\/\/www.deguva.lt\/en\/wp-json\/wp\/v2\/types\/page"}],"author":[{"embeddable":true,"href":"https:\/\/www.deguva.lt\/en\/wp-json\/wp\/v2\/users\/1"}],"replies":[{"embeddable":true,"href":"https:\/\/www.deguva.lt\/en\/wp-json\/wp\/v2\/comments?post=5527"}],"version-history":[{"count":4,"href":"https:\/\/www.deguva.lt\/en\/wp-json\/wp\/v2\/pages\/5527\/revisions"}],"predecessor-version":[{"id":5560,"href":"https:\/\/www.deguva.lt\/en\/wp-json\/wp\/v2\/pages\/5527\/revisions\/5560"}],"wp:attachment":[{"href":"https:\/\/www.deguva.lt\/en\/wp-json\/wp\/v2\/media?parent=5527"}],"curies":[{"name":"wp","href":"https:\/\/api.w.org\/{rel}","templated":true}]}}