{"id":5202,"date":"2024-11-28T16:16:25","date_gmt":"2024-11-28T16:16:25","guid":{"rendered":"https:\/\/deguva.lt\/?page_id=5202"},"modified":"2024-12-03T10:10:19","modified_gmt":"2024-12-03T10:10:19","slug":"katilai","status":"publish","type":"page","link":"https:\/\/www.deguva.lt\/en\/katilai\/","title":{"rendered":"Conditioners - Heat pumps"},"content":{"rendered":"<div data-elementor-type=\"wp-post\" data-elementor-id=\"5202\" class=\"elementor elementor-5202\">\n\t\t\t\t<div class=\"elementor-element elementor-element-c7bafd9 e-flex e-con-boxed e-con e-parent\" data-id=\"c7bafd9\" data-element_type=\"container\" data-settings=\"{&quot;background_background&quot;:&quot;classic&quot;}\">\n\t\t\t\t\t<div class=\"e-con-inner\">\n\t\t<div class=\"elementor-element elementor-element-dd6a178 e-con-full e-flex e-con e-child\" data-id=\"dd6a178\" data-element_type=\"container\">\n\t\t\t\t<div class=\"elementor-element elementor-element-cb9a59a elementor-widget elementor-widget-heading\" data-id=\"cb9a59a\" data-element_type=\"widget\" data-widget_type=\"heading.default\">\n\t\t\t\t<div class=\"elementor-widget-container\">\n\t\t\t<h1 class=\"elementor-heading-title elementor-size-default\">Conditioners - Heat pumps<\/h1>\t\t<\/div>\n\t\t\t\t<\/div>\n\t\t\t\t<div class=\"elementor-element elementor-element-87a8446 elementor-widget elementor-widget-text-editor\" data-id=\"87a8446\" data-element_type=\"widget\" data-widget_type=\"text-editor.default\">\n\t\t\t\t<div class=\"elementor-widget-container\">\n\t\t\t\t\t\t\t<p>Heat pumps Air conditioners - Heat pumps are the simplest and most economical solution for cooling and heating rooms using energy from the outside air. It is an ecological and environmentally friendly system that uses renewable energy sources. Air conditioners - Heat pumps can be installed in any area or layout of the house, it is true that the installation of indoor equipment is very important for this system, so that air flows are distributed in space as efficiently as possible.<\/p><p>They are easy to install both in new construction and in older dwellings (individual houses or apartments). For comfort and low cost, it is an ideal solution to supplement an existing water heating system (solid or liquid fuel, gas, electric, etc.<\/p>\t\t\t\t\t\t<\/div>\n\t\t\t\t<\/div>\n\t\t\t\t<\/div>\n\t\t\t\t\t<\/div>\n\t\t\t\t<\/div>\n\t\t<div class=\"elementor-element elementor-element-d7ce826 e-flex e-con-boxed e-con e-child\" data-id=\"d7ce826\" data-element_type=\"container\">\n\t\t\t\t\t<div class=\"e-con-inner\">\n\t\t<div class=\"elementor-element elementor-element-c2987f2 e-con-full e-flex e-con e-child\" data-id=\"c2987f2\" data-element_type=\"container\">\n\t\t\t\t<div class=\"elementor-element elementor-element-53f6268 elementor-position-top elementor-widget elementor-widget-image-box\" data-id=\"53f6268\" data-element_type=\"widget\" data-widget_type=\"image-box.default\">\n\t\t\t\t<div class=\"elementor-widget-container\">\n\t\t\t<div class=\"elementor-image-box-wrapper\"><figure class=\"elementor-image-box-img\"><img fetchpriority=\"high\" decoding=\"async\" width=\"370\" height=\"423\" src=\"https:\/\/www.deguva.lt\/wp-content\/uploads\/2024\/12\/condensing-boiler-immergas-victrix-omnia-25-kw-with-natural-gas.jpg\" class=\"attachment-full size-full wp-image-5529\" alt=\"\" \/><\/figure><div class=\"elementor-image-box-content\"><h3 class=\"elementor-image-box-title\">Sinclair FOCUS PLUS<\/h3><\/div><\/div>\t\t<\/div>\n\t\t\t\t<\/div>\n\t\t\t\t<\/div>\n\t\t<div class=\"elementor-element elementor-element-0059628 e-con-full e-flex e-con e-child\" data-id=\"0059628\" data-element_type=\"container\">\n\t\t\t\t<div class=\"elementor-element elementor-element-ec07ed4 elementor-position-top elementor-widget elementor-widget-image-box\" data-id=\"ec07ed4\" data-element_type=\"widget\" data-widget_type=\"image-box.default\">\n\t\t\t\t<div class=\"elementor-widget-container\">\n\t\t\t<div class=\"elementor-image-box-wrapper\"><figure class=\"elementor-image-box-img\"><img decoding=\"async\" width=\"190\" height=\"265\" src=\"https:\/\/www.deguva.lt\/wp-content\/uploads\/2024\/12\/kieto-kuro.jpg\" class=\"attachment-full size-full wp-image-5530\" alt=\"\" \/><\/figure><div class=\"elementor-image-box-content\"><h3 class=\"elementor-image-box-title\">Sinclair FOCUS PLUS<\/h3><\/div><\/div>\t\t<\/div>\n\t\t\t\t<\/div>\n\t\t\t\t<\/div>\n\t\t<div class=\"elementor-element elementor-element-5f45949 e-con-full e-flex e-con e-child\" data-id=\"5f45949\" data-element_type=\"container\">\n\t\t\t\t<div class=\"elementor-element elementor-element-682a639 elementor-position-top elementor-widget elementor-widget-image-box\" data-id=\"682a639\" data-element_type=\"widget\" data-widget_type=\"image-box.default\">\n\t\t\t\t<div class=\"elementor-widget-container\">\n\t\t\t<div class=\"elementor-image-box-wrapper\"><figure class=\"elementor-image-box-img\"><img decoding=\"async\" width=\"630\" height=\"734\" src=\"https:\/\/www.deguva.lt\/wp-content\/uploads\/2024\/12\/granulinis_edited.jpg\" class=\"attachment-full size-full wp-image-5531\" alt=\"\" srcset=\"https:\/\/www.deguva.lt\/wp-content\/uploads\/2024\/12\/granulinis_edited.jpg 630w, https:\/\/www.deguva.lt\/wp-content\/uploads\/2024\/12\/granulinis_edited-600x699.jpg 600w\" sizes=\"(max-width: 630px) 100vw, 630px\" \/><\/figure><div class=\"elementor-image-box-content\"><h3 class=\"elementor-image-box-title\">Mitsubishi MSZ-LN-VGHZ<\/h3><\/div><\/div>\t\t<\/div>\n\t\t\t\t<\/div>\n\t\t\t\t<\/div>\n\t\t<div class=\"elementor-element elementor-element-12d847f e-con-full e-flex e-con e-child\" data-id=\"12d847f\" data-element_type=\"container\">\n\t\t\t\t<div class=\"elementor-element elementor-element-09216e3 elementor-position-top elementor-widget elementor-widget-image-box\" data-id=\"09216e3\" data-element_type=\"widget\" data-widget_type=\"image-box.default\">\n\t\t\t\t<div class=\"elementor-widget-container\">\n\t\t\t<div class=\"elementor-image-box-wrapper\"><figure class=\"elementor-image-box-img\"><img loading=\"lazy\" decoding=\"async\" width=\"239\" height=\"400\" src=\"https:\/\/www.deguva.lt\/wp-content\/uploads\/2024\/12\/skysto-kuro2.jpg\" class=\"attachment-full size-full wp-image-5534\" alt=\"\" \/><\/figure><div class=\"elementor-image-box-content\"><h3 class=\"elementor-image-box-title\">Mitsubishi MSZ-GF-VE<\/h3><\/div><\/div>\t\t<\/div>\n\t\t\t\t<\/div>\n\t\t\t\t<\/div>\n\t\t\t\t\t<\/div>\n\t\t\t\t<\/div>\n\t\t<div class=\"elementor-element elementor-element-a5168a3 e-flex e-con-boxed e-con e-parent\" data-id=\"a5168a3\" data-element_type=\"container\">\n\t\t\t\t\t<div class=\"e-con-inner\">\n\t\t\t\t<div class=\"elementor-element elementor-element-94d6867 elementor-align-center elementor-widget elementor-widget-button\" data-id=\"94d6867\" data-element_type=\"widget\" data-widget_type=\"button.default\">\n\t\t\t\t<div class=\"elementor-widget-container\">\n\t\t\t\t\t\t\t<div class=\"elementor-button-wrapper\">\n\t\t\t\t\t<a class=\"elementor-button elementor-button-link elementor-size-sm\" href=\"https:\/\/www.deguva.lt\/en\/kontaktai\/\">\n\t\t\t\t\t\t<span class=\"elementor-button-content-wrapper\">\n\t\t\t\t\t\t\t\t\t<span class=\"elementor-button-text\">Contact<\/span>\n\t\t\t\t\t<\/span>\n\t\t\t\t\t<\/a>\n\t\t\t\t<\/div>\n\t\t\t\t\t\t<\/div>\n\t\t\t\t<\/div>\n\t\t\t\t\t<\/div>\n\t\t\t\t<\/div>\n\t\t\t\t<\/div>","protected":false},"excerpt":{"rendered":"<p>Katilai \u0160ildymo sistema \u2013 esmin\u0117 dedamoji projektuojant bet kokios paskirties pastat\u0105 \u2013 gyvenam\u0105j\u012f nam\u0105, koted\u017e\u0105, komercin\u0117s arba gamybin\u0117s paskirties patalpas ir kt. Renkantis koki\u0105 \u0161ildymo sistem\u0105 montuoti reikia \u012fvertinti sistemos \u012frengimo ka\u0161tus, naudojamo kuro kain\u0105, eksploatacijos ir prie\u017ei\u016bros i\u0161laidas. Ta\u010diau ne ma\u017eiau svarbu ir tai, kiek d\u0117mesio ir laiko planuojate skirti \u0161ildymo sistemos prie\u017ei\u016brai, k\u016brenimui [&hellip;]<\/p>","protected":false},"author":1,"featured_media":0,"parent":0,"menu_order":0,"comment_status":"closed","ping_status":"closed","template":"","meta":{"site-sidebar-layout":"no-sidebar","site-content-layout":"page-builder","ast-site-content-layout":"","site-content-style":"default","site-sidebar-style":"default","ast-global-header-display":"","ast-banner-title-visibility":"","ast-main-header-display":"","ast-hfb-above-header-display":"","ast-hfb-below-header-display":"","ast-hfb-mobile-header-display":"","site-post-title":"disabled","ast-breadcrumbs-content":"","ast-featured-img":"disabled","footer-sml-layout":"","theme-transparent-header-meta":"enabled","adv-header-id-meta":"","stick-header-meta":"","header-above-stick-meta":"","header-main-stick-meta":"","header-below-stick-meta":"","astra-migrate-meta-layouts":"default","ast-page-background-enabled":"default","ast-page-background-meta":{"desktop":{"background-color":"","background-image":"","background-repeat":"repeat","background-position":"center center","background-size":"auto","background-attachment":"scroll","background-type":"","background-media":"","overlay-type":"","overlay-color":"","overlay-opacity":"","overlay-gradient":""},"tablet":{"background-color":"","background-image":"","background-repeat":"repeat","background-position":"center center","background-size":"auto","background-attachment":"scroll","background-type":"","background-media":"","overlay-type":"","overlay-color":"","overlay-opacity":"","overlay-gradient":""},"mobile":{"background-color":"","background-image":"","background-repeat":"repeat","background-position":"center center","background-size":"auto","background-attachment":"scroll","background-type":"","background-media":"","overlay-type":"","overlay-color":"","overlay-opacity":"","overlay-gradient":""}},"ast-content-background-meta":{"desktop":{"background-color":"var(--ast-global-color-5)","background-image":"","background-repeat":"repeat","background-position":"center center","background-size":"auto","background-attachment":"scroll","background-type":"","background-media":"","overlay-type":"","overlay-color":"","overlay-opacity":"","overlay-gradient":""},"tablet":{"background-color":"var(--ast-global-color-5)","background-image":"","background-repeat":"repeat","background-position":"center center","background-size":"auto","background-attachment":"scroll","background-type":"","background-media":"","overlay-type":"","overlay-color":"","overlay-opacity":"","overlay-gradient":""},"mobile":{"background-color":"var(--ast-global-color-5)","background-image":"","background-repeat":"repeat","background-position":"center center","background-size":"auto","background-attachment":"scroll","background-type":"","background-media":"","overlay-type":"","overlay-color":"","overlay-opacity":"","overlay-gradient":""}},"footnotes":""},"class_list":["post-5202","page","type-page","status-publish","hentry"],"_links":{"self":[{"href":"https:\/\/www.deguva.lt\/en\/wp-json\/wp\/v2\/pages\/5202","targetHints":{"allow":["GET"]}}],"collection":[{"href":"https:\/\/www.deguva.lt\/en\/wp-json\/wp\/v2\/pages"}],"about":[{"href":"https:\/\/www.deguva.lt\/en\/wp-json\/wp\/v2\/types\/page"}],"author":[{"embeddable":true,"href":"https:\/\/www.deguva.lt\/en\/wp-json\/wp\/v2\/users\/1"}],"replies":[{"embeddable":true,"href":"https:\/\/www.deguva.lt\/en\/wp-json\/wp\/v2\/comments?post=5202"}],"version-history":[{"count":41,"href":"https:\/\/www.deguva.lt\/en\/wp-json\/wp\/v2\/pages\/5202\/revisions"}],"predecessor-version":[{"id":5550,"href":"https:\/\/www.deguva.lt\/en\/wp-json\/wp\/v2\/pages\/5202\/revisions\/5550"}],"wp:attachment":[{"href":"https:\/\/www.deguva.lt\/en\/wp-json\/wp\/v2\/media?parent=5202"}],"curies":[{"name":"wp","href":"https:\/\/api.w.org\/{rel}","templated":true}]}}