{"id":4767,"date":"2024-11-28T09:24:32","date_gmt":"2024-11-28T09:24:32","guid":{"rendered":"https:\/\/deguva.lt\/?page_id=4767"},"modified":"2024-12-06T09:18:46","modified_gmt":"2024-12-06T09:18:46","slug":"rezervuarai","status":"publish","type":"page","link":"https:\/\/www.deguva.lt\/en\/rezervuarai\/","title":{"rendered":"In\u017einerini\u0173 tinkl\u0173 \u012frengimas ir remontas"},"content":{"rendered":"<div data-elementor-type=\"wp-post\" data-elementor-id=\"4767\" class=\"elementor elementor-4767\">\n\t\t\t\t<div class=\"elementor-element elementor-element-c7bafd9 e-flex e-con-boxed e-con e-parent\" data-id=\"c7bafd9\" data-element_type=\"container\" data-settings=\"{&quot;background_background&quot;:&quot;video&quot;,&quot;background_video_link&quot;:&quot;https:\\\/\\\/deguva.lt\\\/wp-content\\\/uploads\\\/2024\\\/12\\\/vanduo.mp4&quot;}\">\n\t\t\t\t\t<div class=\"e-con-inner\">\n\t\t<div class=\"elementor-background-video-container elementor-hidden-mobile\">\n\t\t\t\t\t\t\t<video class=\"elementor-background-video-hosted elementor-html5-video\" autoplay muted playsinline loop><\/video>\n\t\t\t\t\t<\/div><div class=\"elementor-element elementor-element-dd6a178 e-con-full e-flex e-con e-child\" data-id=\"dd6a178\" data-element_type=\"container\">\n\t\t\t\t<div class=\"elementor-element elementor-element-7a5fd12 elementor-widget elementor-widget-elementskit-heading\" data-id=\"7a5fd12\" data-element_type=\"widget\" data-widget_type=\"elementskit-heading.default\">\n\t\t\t\t<div class=\"elementor-widget-container\">\n\t\t\t<div class=\"ekit-wid-con\" ><div class=\"ekit-heading elementskit-section-title-wraper text_center   ekit_heading_tablet-   ekit_heading_mobile-\"><h2 class=\"ekit-heading--title elementskit-section-title\"><span><span>DEGUVA<\/span><\/span>  PLIUS<\/h2><\/div><\/div>\t\t<\/div>\n\t\t\t\t<\/div>\n\t\t\t\t<div class=\"elementor-element elementor-element-c70aca8 elementor-widget elementor-widget-elementskit-heading\" data-id=\"c70aca8\" data-element_type=\"widget\" data-widget_type=\"elementskit-heading.default\">\n\t\t\t\t<div class=\"elementor-widget-container\">\n\t\t\t<div class=\"ekit-wid-con\" ><div class=\"ekit-heading elementskit-section-title-wraper text_center   ekit_heading_tablet-   ekit_heading_mobile-\"><h2 class=\"ekit-heading--title elementskit-section-title\"><span><span>Gas heating<\/span><\/span> from tanks<\/h2><\/div><\/div>\t\t<\/div>\n\t\t\t\t<\/div>\n\t\t\t\t<\/div>\n\t\t\t\t\t<\/div>\n\t\t\t\t<\/div>\n\t\t<div class=\"elementor-element elementor-element-c696135 e-con-full e-flex e-con e-parent\" data-id=\"c696135\" data-element_type=\"container\" data-settings=\"{&quot;background_background&quot;:&quot;classic&quot;}\">\n\t\t<div class=\"elementor-element elementor-element-0402c08 e-con-full e-flex e-con e-child\" data-id=\"0402c08\" data-element_type=\"container\">\n\t\t\t\t<div class=\"elementor-element elementor-element-f4f1207 elementor-widget elementor-widget-text-editor\" data-id=\"f4f1207\" data-element_type=\"widget\" data-widget_type=\"text-editor.default\">\n\t\t\t\t<div class=\"elementor-widget-container\">\n\t\t\t\t\t\t\t<p>Liquefied petroleum gas is a rapidly growing method of heating. Due to its physical and combustion properties, LPG is a clean fuel that burns completely and emits significantly less pollutants than most other fuels. Heating with liquefied petroleum gas is one of the most convenient, ecological and economical methods of heating, recommended for use in the industrial sector, heating of apartment and individual houses, food production.<\/p>\t\t\t\t\t\t<\/div>\n\t\t\t\t<\/div>\n\t\t\t\t<\/div>\n\t\t\t\t<\/div>\n\t\t<div class=\"elementor-element elementor-element-ed6283c e-flex e-con-boxed e-con e-parent\" data-id=\"ed6283c\" data-element_type=\"container\" data-settings=\"{&quot;background_background&quot;:&quot;classic&quot;}\">\n\t\t\t\t\t<div class=\"e-con-inner\">\n\t\t<div class=\"elementor-element elementor-element-1e14fde e-con-full e-flex e-con e-child\" data-id=\"1e14fde\" data-element_type=\"container\">\n\t\t\t\t<div class=\"elementor-element elementor-element-08d34d1 elementor-view-default elementor-position-top elementor-mobile-position-top elementor-widget elementor-widget-icon-box\" data-id=\"08d34d1\" data-element_type=\"widget\" data-widget_type=\"icon-box.default\">\n\t\t\t\t<div class=\"elementor-widget-container\">\n\t\t\t\t\t<div class=\"elementor-icon-box-wrapper\">\n\n\t\t\t\t\t\t<div class=\"elementor-icon-box-icon\">\n\t\t\t\t<span  class=\"elementor-icon elementor-animation-\">\n\t\t\t\t<i aria-hidden=\"true\" class=\"far fa-check-circle\"><\/i>\t\t\t\t<\/span>\n\t\t\t<\/div>\n\t\t\t\n\t\t\t\t\t\t<div class=\"elementor-icon-box-content\">\n\n\t\t\t\t\t\t\t\t\t<h3 class=\"elementor-icon-box-title\">\n\t\t\t\t\t\t<span  >\n\t\t\t\t\t\t\tAndriejus Miknis\t\t\t\t\t\t<\/span>\n\t\t\t\t\t<\/h3>\n\t\t\t\t\n\t\t\t\t\t\t\t\t\t<p class=\"elementor-icon-box-description\">\n\t\t\t\t\t\tDeguva + Head\t\t\t\t\t<\/p>\n\t\t\t\t\n\t\t\t<\/div>\n\t\t\t\n\t\t<\/div>\n\t\t\t\t<\/div>\n\t\t\t\t<\/div>\n\t\t\t\t<\/div>\n\t\t<div class=\"elementor-element elementor-element-42d1556 e-con-full e-flex e-con e-child\" data-id=\"42d1556\" data-element_type=\"container\">\n\t\t\t\t<div class=\"elementor-element elementor-element-2121d5c elementor-view-default elementor-position-top elementor-mobile-position-top elementor-widget elementor-widget-icon-box\" data-id=\"2121d5c\" data-element_type=\"widget\" data-widget_type=\"icon-box.default\">\n\t\t\t\t<div class=\"elementor-widget-container\">\n\t\t\t\t\t<div class=\"elementor-icon-box-wrapper\">\n\n\t\t\t\t\t\t<div class=\"elementor-icon-box-icon\">\n\t\t\t\t<span  class=\"elementor-icon elementor-animation-\">\n\t\t\t\t<i aria-hidden=\"true\" class=\"icon icon-quote\"><\/i>\t\t\t\t<\/span>\n\t\t\t<\/div>\n\t\t\t\n\t\t\t\t\t\t<div class=\"elementor-icon-box-content\">\n\n\t\t\t\t\t\t\t\t\t<h3 class=\"elementor-icon-box-title\">\n\t\t\t\t\t\t<span  >\n\t\t\t\t\t\t\tLiquefied petroleum gas heating uses multi-purpose, usually cylindrical, above-ground, underground tanks with a capacity of 500 to 200,000 liters, which are used to store liquefied gas at petrol stations and terminals and to install heating systems for individual homes and industrial premises.\t\t\t\t\t\t<\/span>\n\t\t\t\t\t<\/h3>\n\t\t\t\t\n\t\t\t\t\n\t\t\t<\/div>\n\t\t\t\n\t\t<\/div>\n\t\t\t\t<\/div>\n\t\t\t\t<\/div>\n\t\t\t\t<\/div>\n\t\t\t\t\t<\/div>\n\t\t\t\t<\/div>\n\t\t<div class=\"elementor-element elementor-element-379a319 e-flex e-con-boxed e-con e-parent\" data-id=\"379a319\" data-element_type=\"container\" data-settings=\"{&quot;background_background&quot;:&quot;classic&quot;}\">\n\t\t\t\t\t<div class=\"e-con-inner\">\n\t\t\t\t<div class=\"elementor-element elementor-element-17f770f elementor-widget elementor-widget-text-editor\" data-id=\"17f770f\" data-element_type=\"widget\" data-widget_type=\"text-editor.default\">\n\t\t\t\t<div class=\"elementor-widget-container\">\n\t\t\t\t\t\t\t<p class=\"font_8 wixui-rich-text__text\"><span class=\"color_36 wixui-rich-text__text\"><span style=\"color: #fff;\">UAB \"Deguva plus\"<\/span><span class=\"wixui-rich-text__text\">\u00a0engages in the installation of modern technology devices throughout Lithuania. The company exists since 2006 as a Company\u00a0<\/span><span style=\"color: #fff;\">\u201eVarmega\u201d<\/span><\/span><span class=\"wixui-rich-text__text\">\u00a0and while working, implemented many projects of various scope and formed a wide circle of clients and partners.<\/span><\/p><p class=\"font_8 wixui-rich-text__text\"><span class=\"wixui-rich-text__text\">In 2022, its activities merged with\u00a0<\/span><span style=\"color: #fff;\">UAB &#8222;Deguva&#8221;<\/span><span class=\"wixui-rich-text__text\">.<br class=\"wixui-rich-text__text\" \/>Our activity is based on modern technologies, so in order to combine innovation and qualification, we have assembled a team of young and highly qualified employees.<br class=\"wixui-rich-text__text\" \/><br class=\"wixui-rich-text__text\" \/>The company provides the following services:<br class=\"wixui-rich-text__text\" \/>Installation, start-up, service and repair of gas boilers:<\/span><\/p><p class=\"font_8 wixui-rich-text__text\"><span class=\"color_36 wixui-rich-text__text\"><span class=\"wixui-rich-text__text\">Viessmann,Bosh, Imergas, Vaillant, Wolf, Thermet, Sime.<\/span><\/span><br class=\"wixui-rich-text__text\" \/><span class=\"wixui-rich-text__text\">Installation, start-up, service and repair of heat pumps (air-air, air-water, geothermal), air conditioners:\u00a0<\/span><span class=\"color_36 wixui-rich-text__text\"><span class=\"wixui-rich-text__text\">Viessmann, Gree, Vaillant, Kaisai, Fujitsu, Atlantic.<\/span><\/span><br class=\"wixui-rich-text__text\" \/><span class=\"wixui-rich-text__text\">Installation, start-up, service and repair of solid fuel, granular and liquid fuel boilers<br class=\"wixui-rich-text__text\" \/>Design and installation of heating systems (floor, radiator);<br class=\"wixui-rich-text__text\" \/>Design and installation of ventilation (recuperation) systems;<br class=\"wixui-rich-text__text\" \/>Plumbing works (installation of internal sewage and water supply systems);<br class=\"wixui-rich-text__text\" \/>Bringing the gas pipeline to gas appliances and devices.<\/span><\/p>\t\t\t\t\t\t<\/div>\n\t\t\t\t<\/div>\n\t\t\t\t\t<\/div>\n\t\t\t\t<\/div>\n\t\t\t\t<\/div>","protected":false},"excerpt":{"rendered":"<p>DEGUVA PLIUS In\u017einerini\u0173 tinkl\u0173, prietais\u0173 \u012frengimas, remontas ir aptarnavimas M\u016bs\u0173 \u012fmon\u0117 u\u017esiima \u0161ildymo, v\u0117dinimo, oro kondicionavimo, \u0161aldymo ir automatikos in\u017einerini\u0173 sistem\u0173 pardavimu, montavimu, aptarnavimu bei remontu. Visada galime pasi\u016blyti optimal\u0173 sprendim\u0105 pagal kiekvieno u\u017esakovo poreikius. Galime pasi\u016blyti piln\u0105 sistem\u0173 diegimo kompleks\u0105 nuo objekto ap\u017ei\u016bros, pasi\u016blymo paruo\u0161imo, projektavimo, technini\u0173 s\u0105lyg\u0173 sudarymo, montavimo ir remonto darb\u0173 bei [&hellip;]<\/p>","protected":false},"author":1,"featured_media":0,"parent":0,"menu_order":0,"comment_status":"closed","ping_status":"closed","template":"","meta":{"site-sidebar-layout":"no-sidebar","site-content-layout":"page-builder","ast-site-content-layout":"","site-content-style":"default","site-sidebar-style":"default","ast-global-header-display":"","ast-banner-title-visibility":"","ast-main-header-display":"","ast-hfb-above-header-display":"","ast-hfb-below-header-display":"","ast-hfb-mobile-header-display":"","site-post-title":"disabled","ast-breadcrumbs-content":"","ast-featured-img":"disabled","footer-sml-layout":"","theme-transparent-header-meta":"enabled","adv-header-id-meta":"","stick-header-meta":"","header-above-stick-meta":"","header-main-stick-meta":"","header-below-stick-meta":"","astra-migrate-meta-layouts":"default","ast-page-background-enabled":"default","ast-page-background-meta":{"desktop":{"background-color":"","background-image":"","background-repeat":"repeat","background-position":"center center","background-size":"auto","background-attachment":"scroll","background-type":"","background-media":"","overlay-type":"","overlay-color":"","overlay-opacity":"","overlay-gradient":""},"tablet":{"background-color":"","background-image":"","background-repeat":"repeat","background-position":"center center","background-size":"auto","background-attachment":"scroll","background-type":"","background-media":"","overlay-type":"","overlay-color":"","overlay-opacity":"","overlay-gradient":""},"mobile":{"background-color":"","background-image":"","background-repeat":"repeat","background-position":"center center","background-size":"auto","background-attachment":"scroll","background-type":"","background-media":"","overlay-type":"","overlay-color":"","overlay-opacity":"","overlay-gradient":""}},"ast-content-background-meta":{"desktop":{"background-color":"var(--ast-global-color-5)","background-image":"","background-repeat":"repeat","background-position":"center center","background-size":"auto","background-attachment":"scroll","background-type":"","background-media":"","overlay-type":"","overlay-color":"","overlay-opacity":"","overlay-gradient":""},"tablet":{"background-color":"var(--ast-global-color-5)","background-image":"","background-repeat":"repeat","background-position":"center center","background-size":"auto","background-attachment":"scroll","background-type":"","background-media":"","overlay-type":"","overlay-color":"","overlay-opacity":"","overlay-gradient":""},"mobile":{"background-color":"var(--ast-global-color-5)","background-image":"","background-repeat":"repeat","background-position":"center center","background-size":"auto","background-attachment":"scroll","background-type":"","background-media":"","overlay-type":"","overlay-color":"","overlay-opacity":"","overlay-gradient":""}},"footnotes":""},"class_list":["post-4767","page","type-page","status-publish","hentry"],"_links":{"self":[{"href":"https:\/\/www.deguva.lt\/en\/wp-json\/wp\/v2\/pages\/4767","targetHints":{"allow":["GET"]}}],"collection":[{"href":"https:\/\/www.deguva.lt\/en\/wp-json\/wp\/v2\/pages"}],"about":[{"href":"https:\/\/www.deguva.lt\/en\/wp-json\/wp\/v2\/types\/page"}],"author":[{"embeddable":true,"href":"https:\/\/www.deguva.lt\/en\/wp-json\/wp\/v2\/users\/1"}],"replies":[{"embeddable":true,"href":"https:\/\/www.deguva.lt\/en\/wp-json\/wp\/v2\/comments?post=4767"}],"version-history":[{"count":58,"href":"https:\/\/www.deguva.lt\/en\/wp-json\/wp\/v2\/pages\/4767\/revisions"}],"predecessor-version":[{"id":6228,"href":"https:\/\/www.deguva.lt\/en\/wp-json\/wp\/v2\/pages\/4767\/revisions\/6228"}],"wp:attachment":[{"href":"https:\/\/www.deguva.lt\/en\/wp-json\/wp\/v2\/media?parent=4767"}],"curies":[{"name":"wp","href":"https:\/\/api.w.org\/{rel}","templated":true}]}}