{"id":4736,"date":"2024-11-27T19:58:27","date_gmt":"2024-11-27T19:58:27","guid":{"rendered":"https:\/\/deguva.lt\/?page_id=4736"},"modified":"2024-12-03T15:38:58","modified_gmt":"2024-12-03T15:38:58","slug":"gok","status":"publish","type":"page","link":"https:\/\/www.deguva.lt\/en\/gok\/","title":{"rendered":"\u201eGOK\u201c dujiniai prietaisai ir \u012franga"},"content":{"rendered":"<div data-elementor-type=\"wp-post\" data-elementor-id=\"4736\" class=\"elementor elementor-4736\">\n\t\t\t\t<div class=\"elementor-element elementor-element-2f30e5e elementor-hidden-mobile e-flex e-con-boxed e-con e-parent\" data-id=\"2f30e5e\" data-element_type=\"container\" data-settings=\"{&quot;background_background&quot;:&quot;classic&quot;}\">\n\t\t\t\t\t<div class=\"e-con-inner\">\n\t\t<div class=\"elementor-element elementor-element-930c54c e-con-full e-flex e-con e-child\" data-id=\"930c54c\" data-element_type=\"container\" data-settings=\"{&quot;background_background&quot;:&quot;classic&quot;}\">\n\t\t\t\t<\/div>\n\t\t<div class=\"elementor-element elementor-element-8d721d0 e-con-full e-flex e-con e-child\" data-id=\"8d721d0\" data-element_type=\"container\">\n\t\t\t\t<div class=\"elementor-element elementor-element-8e4a83d elementor-widget elementor-widget-text-editor\" data-id=\"8e4a83d\" data-element_type=\"widget\" data-widget_type=\"text-editor.default\">\n\t\t\t\t<div class=\"elementor-widget-container\">\n\t\t\t\t\t\t\t<p>THE HIGHEST <strong>QUALITY GERMAN GAS<\/strong> EQUIPMENT<\/p>\t\t\t\t\t\t<\/div>\n\t\t\t\t<\/div>\n\t\t\t\t<\/div>\n\t\t<div class=\"elementor-element elementor-element-629fa41 e-con-full e-flex e-con e-child\" data-id=\"629fa41\" data-element_type=\"container\" data-settings=\"{&quot;background_background&quot;:&quot;classic&quot;}\">\n\t\t\t\t<\/div>\n\t\t\t\t\t<\/div>\n\t\t\t\t<\/div>\n\t\t<div class=\"elementor-element elementor-element-e79a15e elementor-hidden-desktop elementor-hidden-tablet e-flex e-con-boxed e-con e-parent\" data-id=\"e79a15e\" data-element_type=\"container\" data-settings=\"{&quot;background_background&quot;:&quot;classic&quot;}\">\n\t\t\t\t\t<div class=\"e-con-inner\">\n\t\t<div class=\"elementor-element elementor-element-7ea68b1 e-con-full e-flex e-con e-child\" data-id=\"7ea68b1\" data-element_type=\"container\" data-settings=\"{&quot;background_background&quot;:&quot;classic&quot;}\">\n\t\t\t\t<div class=\"elementor-element elementor-element-85ebf32 elementor-widget elementor-widget-image\" data-id=\"85ebf32\" data-element_type=\"widget\" data-widget_type=\"image.default\">\n\t\t\t\t<div class=\"elementor-widget-container\">\n\t\t\t\t\t\t\t\t\t\t\t\t\t<img decoding=\"async\" width=\"134\" height=\"280\" src=\"https:\/\/www.deguva.lt\/wp-content\/uploads\/2024\/12\/Deguva_White_Flame_2020-1.avif\" class=\"attachment-large size-large wp-image-5577\" alt=\"\" \/>\t\t\t\t\t\t\t\t\t\t\t\t\t<\/div>\n\t\t\t\t<\/div>\n\t\t\t\t<div class=\"elementor-element elementor-element-2a7a539 elementor-widget elementor-widget-image\" data-id=\"2a7a539\" data-element_type=\"widget\" data-widget_type=\"image.default\">\n\t\t\t\t<div class=\"elementor-widget-container\">\n\t\t\t\t\t\t\t\t\t\t\t\t\t<img decoding=\"async\" width=\"306\" height=\"58\" src=\"https:\/\/www.deguva.lt\/wp-content\/uploads\/2024\/12\/GOK-white-logo.avif\" class=\"attachment-large size-large wp-image-5576\" alt=\"\" srcset=\"https:\/\/www.deguva.lt\/wp-content\/uploads\/2024\/12\/GOK-white-logo.avif 306w, https:\/\/www.deguva.lt\/wp-content\/uploads\/2024\/12\/GOK-white-logo-300x58.avif 300w\" sizes=\"(max-width: 306px) 100vw, 306px\" \/>\t\t\t\t\t\t\t\t\t\t\t\t\t<\/div>\n\t\t\t\t<\/div>\n\t\t\t\t<\/div>\n\t\t<div class=\"elementor-element elementor-element-ca6814a e-con-full e-flex e-con e-child\" data-id=\"ca6814a\" data-element_type=\"container\">\n\t\t\t\t<div class=\"elementor-element elementor-element-c1014ce elementor-widget elementor-widget-text-editor\" data-id=\"c1014ce\" data-element_type=\"widget\" data-widget_type=\"text-editor.default\">\n\t\t\t\t<div class=\"elementor-widget-container\">\n\t\t\t\t\t\t\t<p>THE HIGHEST<\/p><p><strong>QUALITY GERMAN GAS<\/strong> EQUIPMENT<\/p>\t\t\t\t\t\t<\/div>\n\t\t\t\t<\/div>\n\t\t\t\t<\/div>\n\t\t\t\t\t<\/div>\n\t\t\t\t<\/div>\n\t\t<div class=\"elementor-element elementor-element-c7bafd9 e-flex e-con-boxed e-con e-parent\" data-id=\"c7bafd9\" data-element_type=\"container\" data-settings=\"{&quot;background_background&quot;:&quot;classic&quot;}\">\n\t\t\t\t\t<div class=\"e-con-inner\">\n\t\t<div class=\"elementor-element elementor-element-dd6a178 e-con-full e-flex e-con e-child\" data-id=\"dd6a178\" data-element_type=\"container\">\n\t\t\t\t<div class=\"elementor-element elementor-element-08fb2d5 elementor-widget elementor-widget-elementskit-heading\" data-id=\"08fb2d5\" data-element_type=\"widget\" data-widget_type=\"elementskit-heading.default\">\n\t\t\t\t<div class=\"elementor-widget-container\">\n\t\t\t<div class=\"ekit-wid-con\" ><div class=\"ekit-heading elementskit-section-title-wraper text_left   ekit_heading_tablet-   ekit_heading_mobile-\"><h2 class=\"ekit-heading--title elementskit-section-title\">Deguva <span><span> - authorized representatives of GOK in Lithuania <\/span><\/span> <\/h2><\/div><\/div>\t\t<\/div>\n\t\t\t\t<\/div>\n\t\t\t\t<\/div>\n\t\t\t\t\t<\/div>\n\t\t\t\t<\/div>\n\t\t<div class=\"elementor-element elementor-element-d7ce826 e-flex e-con-boxed e-con e-child\" data-id=\"d7ce826\" data-element_type=\"container\">\n\t\t\t\t\t<div class=\"e-con-inner\">\n\t\t<div class=\"elementor-element elementor-element-c2987f2 e-con-full e-flex e-con e-child\" data-id=\"c2987f2\" data-element_type=\"container\">\n\t\t\t\t<div class=\"elementor-element elementor-element-53f6268 elementor-position-top elementor-widget elementor-widget-image-box\" data-id=\"53f6268\" data-element_type=\"widget\" data-widget_type=\"image-box.default\">\n\t\t\t\t<div class=\"elementor-widget-container\">\n\t\t\t<div class=\"elementor-image-box-wrapper\"><figure class=\"elementor-image-box-img\"><img decoding=\"async\" width=\"209\" height=\"164\" src=\"https:\/\/www.deguva.lt\/wp-content\/uploads\/2024\/11\/dvigubos_pakopos_reguliatoriai.avif\" class=\"attachment-full size-full wp-image-4748\" alt=\"\" \/><\/figure><div class=\"elementor-image-box-content\"><h3 class=\"elementor-image-box-title\">Double steps regulators<\/h3><p class=\"elementor-image-box-description\">For direct connection to a liquefied gas tank<\/p><\/div><\/div>\t\t<\/div>\n\t\t\t\t<\/div>\n\t\t\t\t<\/div>\n\t\t<div class=\"elementor-element elementor-element-22d8796 e-con-full e-flex e-con e-child\" data-id=\"22d8796\" data-element_type=\"container\">\n\t\t\t\t<div class=\"elementor-element elementor-element-718d0c0 elementor-position-top elementor-widget elementor-widget-image-box\" data-id=\"718d0c0\" data-element_type=\"widget\" data-widget_type=\"image-box.default\">\n\t\t\t\t<div class=\"elementor-widget-container\">\n\t\t\t<div class=\"elementor-image-box-wrapper\"><figure class=\"elementor-image-box-img\"><img loading=\"lazy\" decoding=\"async\" width=\"209\" height=\"164\" src=\"https:\/\/www.deguva.lt\/wp-content\/uploads\/2024\/11\/dvieju_pakopu_reguliatoriai.avif\" class=\"attachment-full size-full wp-image-4749\" alt=\"\" \/><\/figure><div class=\"elementor-image-box-content\"><h3 class=\"elementor-image-box-title\">Two steps regulators<\/h3><p class=\"elementor-image-box-description\">For direct connection to a gas pressure tank and a device with a low pressure regulator installed before the entrance to the building<\/p><\/div><\/div>\t\t<\/div>\n\t\t\t\t<\/div>\n\t\t\t\t<\/div>\n\t\t<div class=\"elementor-element elementor-element-6fd08a7 e-con-full e-flex e-con e-child\" data-id=\"6fd08a7\" data-element_type=\"container\">\n\t\t\t\t<div class=\"elementor-element elementor-element-5e4d768 elementor-position-top elementor-widget elementor-widget-image-box\" data-id=\"5e4d768\" data-element_type=\"widget\" data-widget_type=\"image-box.default\">\n\t\t\t\t<div class=\"elementor-widget-container\">\n\t\t\t<div class=\"elementor-image-box-wrapper\"><figure class=\"elementor-image-box-img\"><img loading=\"lazy\" decoding=\"async\" width=\"209\" height=\"164\" src=\"https:\/\/www.deguva.lt\/wp-content\/uploads\/2024\/11\/reguliatoriai_pramonei.avif\" class=\"attachment-full size-full wp-image-4750\" alt=\"\" \/><\/figure><div class=\"elementor-image-box-content\"><h3 class=\"elementor-image-box-title\">Regulators<br>for industry<\/h3><p class=\"elementor-image-box-description\">Liquefied gas pressure regulating systems for commercial and industrial use<\/p><\/div><\/div>\t\t<\/div>\n\t\t\t\t<\/div>\n\t\t\t\t<\/div>\n\t\t<div class=\"elementor-element elementor-element-f281eb8 e-con-full e-flex e-con e-child\" data-id=\"f281eb8\" data-element_type=\"container\">\n\t\t\t\t<div class=\"elementor-element elementor-element-14d0517 elementor-position-top elementor-widget elementor-widget-image-box\" data-id=\"14d0517\" data-element_type=\"widget\" data-widget_type=\"image-box.default\">\n\t\t\t\t<div class=\"elementor-widget-container\">\n\t\t\t<div class=\"elementor-image-box-wrapper\"><figure class=\"elementor-image-box-img\"><img loading=\"lazy\" decoding=\"async\" width=\"209\" height=\"164\" src=\"https:\/\/www.deguva.lt\/wp-content\/uploads\/2024\/11\/Rezervuarine-iranga-ir-priedai.avif\" class=\"attachment-full size-full wp-image-4751\" alt=\"\" \/><\/figure><div class=\"elementor-image-box-content\"><h3 class=\"elementor-image-box-title\">Tank equipment\n+ accessories<\/h3><p class=\"elementor-image-box-description\">Filling, extraction of liquids and vapors, leveling, safety, monitoring, etc.<\/p><\/div><\/div>\t\t<\/div>\n\t\t\t\t<\/div>\n\t\t\t\t<\/div>\n\t\t\t\t\t<\/div>\n\t\t\t\t<\/div>\n\t\t<div class=\"elementor-element elementor-element-a6be5b0 e-flex e-con-boxed e-con e-child\" data-id=\"a6be5b0\" data-element_type=\"container\">\n\t\t\t\t\t<div class=\"e-con-inner\">\n\t\t<div class=\"elementor-element elementor-element-f71169a e-con-full e-flex e-con e-child\" data-id=\"f71169a\" data-element_type=\"container\">\n\t\t\t\t<div class=\"elementor-element elementor-element-4083102 elementor-position-top elementor-widget elementor-widget-image-box\" data-id=\"4083102\" data-element_type=\"widget\" data-widget_type=\"image-box.default\">\n\t\t\t\t<div class=\"elementor-widget-container\">\n\t\t\t<div class=\"elementor-image-box-wrapper\"><figure class=\"elementor-image-box-img\"><img loading=\"lazy\" decoding=\"async\" width=\"209\" height=\"164\" src=\"https:\/\/www.deguva.lt\/wp-content\/uploads\/2024\/11\/mazos_balionines_irangos.avif\" class=\"attachment-full size-full wp-image-4756\" alt=\"\" \/><\/figure><div class=\"elementor-image-box-content\"><h3 class=\"elementor-image-box-title\">Small cylinders equipment<\/h3><p class=\"elementor-image-box-description\">To continuously adjust the pressure of the gas cylinder according to the operating pressure<\/p><\/div><\/div>\t\t<\/div>\n\t\t\t\t<\/div>\n\t\t\t\t<\/div>\n\t\t<div class=\"elementor-element elementor-element-4d30d1f e-con-full e-flex e-con e-child\" data-id=\"4d30d1f\" data-element_type=\"container\">\n\t\t\t\t<div class=\"elementor-element elementor-element-cd47a38 elementor-position-top elementor-widget elementor-widget-image-box\" data-id=\"cd47a38\" data-element_type=\"widget\" data-widget_type=\"image-box.default\">\n\t\t\t\t<div class=\"elementor-widget-container\">\n\t\t\t<div class=\"elementor-image-box-wrapper\"><figure class=\"elementor-image-box-img\"><img loading=\"lazy\" decoding=\"async\" width=\"209\" height=\"164\" src=\"https:\/\/www.deguva.lt\/wp-content\/uploads\/2024\/11\/dideles_balionines_irangos.avif\" class=\"attachment-full size-full wp-image-4757\" alt=\"\" \/><\/figure><div class=\"elementor-image-box-content\"><h3 class=\"elementor-image-box-title\">Large cylinders equipment<\/h3><p class=\"elementor-image-box-description\">To continuously adjust the pressure of the gas cylinder according to the operating pressure<\/p><\/div><\/div>\t\t<\/div>\n\t\t\t\t<\/div>\n\t\t\t\t<\/div>\n\t\t<div class=\"elementor-element elementor-element-938dce2 e-con-full e-flex e-con e-child\" data-id=\"938dce2\" data-element_type=\"container\">\n\t\t\t\t<div class=\"elementor-element elementor-element-5759da1 elementor-position-top elementor-widget elementor-widget-image-box\" data-id=\"5759da1\" data-element_type=\"widget\" data-widget_type=\"image-box.default\">\n\t\t\t\t<div class=\"elementor-widget-container\">\n\t\t\t<div class=\"elementor-image-box-wrapper\"><figure class=\"elementor-image-box-img\"><img loading=\"lazy\" decoding=\"async\" width=\"209\" height=\"164\" src=\"https:\/\/www.deguva.lt\/wp-content\/uploads\/2024\/11\/balioniniu_irangu_priedai.avif\" class=\"attachment-full size-full wp-image-4758\" alt=\"\" \/><\/figure><div class=\"elementor-image-box-content\"><h3 class=\"elementor-image-box-title\">Accessories for balloon equipment<\/h3><p class=\"elementor-image-box-description\">For installation in various balloon equipment.  Automatic connections, pressure gauges with operation \/ backup display, selectors, etc.<\/p><\/div><\/div>\t\t<\/div>\n\t\t\t\t<\/div>\n\t\t\t\t<\/div>\n\t\t<div class=\"elementor-element elementor-element-703ebb6 e-con-full e-flex e-con e-child\" data-id=\"703ebb6\" data-element_type=\"container\">\n\t\t\t\t<div class=\"elementor-element elementor-element-b8dcc53 elementor-position-top elementor-widget elementor-widget-image-box\" data-id=\"b8dcc53\" data-element_type=\"widget\" data-widget_type=\"image-box.default\">\n\t\t\t\t<div class=\"elementor-widget-container\">\n\t\t\t<div class=\"elementor-image-box-wrapper\"><figure class=\"elementor-image-box-img\"><img loading=\"lazy\" decoding=\"async\" width=\"209\" height=\"164\" src=\"https:\/\/www.deguva.lt\/wp-content\/uploads\/2024\/11\/vamzdziu_sistemos.avif\" class=\"attachment-full size-full wp-image-4759\" alt=\"\" \/><\/figure><div class=\"elementor-image-box-content\"><h3 class=\"elementor-image-box-title\">Piping<br>systems<\/h3><p class=\"elementor-image-box-description\">For installation and installation in liquefied petroleum gas pipes<\/p><\/div><\/div>\t\t<\/div>\n\t\t\t\t<\/div>\n\t\t\t\t<\/div>\n\t\t\t\t\t<\/div>\n\t\t\t\t<\/div>\n\t\t<div class=\"elementor-element elementor-element-1749eac e-flex e-con-boxed e-con e-child\" data-id=\"1749eac\" data-element_type=\"container\">\n\t\t\t\t\t<div class=\"e-con-inner\">\n\t\t<div class=\"elementor-element elementor-element-32e641d e-con-full e-flex e-con e-child\" data-id=\"32e641d\" data-element_type=\"container\">\n\t\t\t\t<div class=\"elementor-element elementor-element-b186d12 elementor-position-top elementor-widget elementor-widget-image-box\" data-id=\"b186d12\" data-element_type=\"widget\" data-widget_type=\"image-box.default\">\n\t\t\t\t<div class=\"elementor-widget-container\">\n\t\t\t<div class=\"elementor-image-box-wrapper\"><figure class=\"elementor-image-box-img\"><img loading=\"lazy\" decoding=\"async\" width=\"209\" height=\"164\" src=\"https:\/\/www.deguva.lt\/wp-content\/uploads\/2024\/11\/testavimo_iranga.avif\" class=\"attachment-full size-full wp-image-4760\" alt=\"\" \/><\/figure><div class=\"elementor-image-box-content\"><h3 class=\"elementor-image-box-title\">Testing equipment<\/h3><p class=\"elementor-image-box-description\">For pressure, leakage, functional testing of LPG equipment<\/p><\/div><\/div>\t\t<\/div>\n\t\t\t\t<\/div>\n\t\t\t\t<\/div>\n\t\t<div class=\"elementor-element elementor-element-ef1d06d e-con-full e-flex e-con e-child\" data-id=\"ef1d06d\" data-element_type=\"container\">\n\t\t\t\t<div class=\"elementor-element elementor-element-0ae186a elementor-position-top elementor-widget elementor-widget-image-box\" data-id=\"0ae186a\" data-element_type=\"widget\" data-widget_type=\"image-box.default\">\n\t\t\t\t<div class=\"elementor-widget-container\">\n\t\t\t<div class=\"elementor-image-box-wrapper\"><figure class=\"elementor-image-box-img\"><img loading=\"lazy\" decoding=\"async\" width=\"209\" height=\"164\" src=\"https:\/\/www.deguva.lt\/wp-content\/uploads\/2024\/11\/saugumo_iranga.avif\" class=\"attachment-full size-full wp-image-4761\" alt=\"\" \/><\/figure><div class=\"elementor-image-box-content\"><h3 class=\"elementor-image-box-title\">Security equipment<\/h3><p class=\"elementor-image-box-description\">Help orient orientits and determine the ideal safety of your LPG equipment<\/p><\/div><\/div>\t\t<\/div>\n\t\t\t\t<\/div>\n\t\t\t\t<\/div>\n\t\t<div class=\"elementor-element elementor-element-9cbb08f e-con-full e-flex e-con e-child\" data-id=\"9cbb08f\" data-element_type=\"container\">\n\t\t\t\t<div class=\"elementor-element elementor-element-9f96741 elementor-position-top elementor-widget elementor-widget-image-box\" data-id=\"9f96741\" data-element_type=\"widget\" data-widget_type=\"image-box.default\">\n\t\t\t\t<div class=\"elementor-widget-container\">\n\t\t\t<div class=\"elementor-image-box-wrapper\"><figure class=\"elementor-image-box-img\"><img loading=\"lazy\" decoding=\"async\" width=\"209\" height=\"164\" src=\"https:\/\/www.deguva.lt\/wp-content\/uploads\/2024\/11\/ileidziamosios_jungtys.avif\" class=\"attachment-full size-full wp-image-4762\" alt=\"\" \/><\/figure><div class=\"elementor-image-box-content\"><h3 class=\"elementor-image-box-title\">Inlet connections<\/h3><p class=\"elementor-image-box-description\">-<\/p><\/div><\/div>\t\t<\/div>\n\t\t\t\t<\/div>\n\t\t\t\t<\/div>\n\t\t<div class=\"elementor-element elementor-element-7d71acf e-con-full e-flex e-con e-child\" data-id=\"7d71acf\" data-element_type=\"container\">\n\t\t\t\t<div class=\"elementor-element elementor-element-ee585c1 elementor-position-top elementor-widget elementor-widget-image-box\" data-id=\"ee585c1\" data-element_type=\"widget\" data-widget_type=\"image-box.default\">\n\t\t\t\t<div class=\"elementor-widget-container\">\n\t\t\t<div class=\"elementor-image-box-wrapper\"><figure class=\"elementor-image-box-img\"><img loading=\"lazy\" decoding=\"async\" width=\"209\" height=\"164\" src=\"https:\/\/www.deguva.lt\/wp-content\/uploads\/2024\/11\/iseinamosios_jungtys.avif\" class=\"attachment-full size-full wp-image-4763\" alt=\"\" \/><\/figure><div class=\"elementor-image-box-content\"><h3 class=\"elementor-image-box-title\">Output connectors<\/h3><p class=\"elementor-image-box-description\">-<\/p><\/div><\/div>\t\t<\/div>\n\t\t\t\t<\/div>\n\t\t\t\t<\/div>\n\t\t\t\t\t<\/div>\n\t\t\t\t<\/div>\n\t\t<div class=\"elementor-element elementor-element-b93b5fd e-con-full e-flex e-con e-parent\" data-id=\"b93b5fd\" data-element_type=\"container\" data-settings=\"{&quot;background_background&quot;:&quot;classic&quot;}\">\n\t\t<div class=\"elementor-element elementor-element-f45bd0f e-con-full e-flex e-con e-child\" data-id=\"f45bd0f\" data-element_type=\"container\">\n\t\t\t\t<div class=\"elementor-element elementor-element-6a0c024 elementor-widget elementor-widget-heading\" data-id=\"6a0c024\" data-element_type=\"widget\" data-widget_type=\"heading.default\">\n\t\t\t\t<div class=\"elementor-widget-container\">\n\t\t\t<h3 class=\"elementor-heading-title elementor-size-default\">About  \u201eGOK\u201c<\/h3>\t\t<\/div>\n\t\t\t\t<\/div>\n\t\t\t\t<\/div>\n\t\t<div class=\"elementor-element elementor-element-695e69e e-con-full e-flex e-con e-child\" data-id=\"695e69e\" data-element_type=\"container\">\n\t\t\t\t<div class=\"elementor-element elementor-element-2499fc4 elementor-widget elementor-widget-text-editor\" data-id=\"2499fc4\" data-element_type=\"widget\" data-widget_type=\"text-editor.default\">\n\t\t\t\t<div class=\"elementor-widget-container\">\n\t\t\t\t\t\t\t<p>Apie \u201eGOK\u201c\nGOK is a German company leading the production of liquefied petroleum gas, diesel measurement and control technologies. The company offers the highest quality management systems, certified according to DIN EN ISO 9001. The products of this manufacturer are manufactured exclusively in Germany, using the company's long-term technological processes. GOK products are a guarantee of reliability, functionality, durability and security.\n \nWe will provide all the necessary information in detail to mobile or we kindly invite you for an interview at our representative office in Kaunas, Raudondvario pl. 234.<\/p>\t\t\t\t\t\t<\/div>\n\t\t\t\t<\/div>\n\t\t\t\t<\/div>\n\t\t<div class=\"elementor-element elementor-element-5865fc2 e-con-full e-flex e-con e-child\" data-id=\"5865fc2\" data-element_type=\"container\">\n\t\t\t\t<div class=\"elementor-element elementor-element-bc9b9b8 elementor-widget elementor-widget-image\" data-id=\"bc9b9b8\" data-element_type=\"widget\" data-widget_type=\"image.default\">\n\t\t\t\t<div class=\"elementor-widget-container\">\n\t\t\t\t\t\t\t\t\t\t\t\t\t<img loading=\"lazy\" decoding=\"async\" width=\"55\" height=\"55\" src=\"https:\/\/www.deguva.lt\/wp-content\/uploads\/2024\/11\/Vokietijos_veliava.avif\" class=\"attachment-large size-large wp-image-4744\" alt=\"\" \/>\t\t\t\t\t\t\t\t\t\t\t\t\t<\/div>\n\t\t\t\t<\/div>\n\t\t\t\t<\/div>\n\t\t<div class=\"elementor-element elementor-element-a3ca728 e-con-full e-flex e-con e-child\" data-id=\"a3ca728\" data-element_type=\"container\">\n\t\t\t\t<div class=\"elementor-element elementor-element-d8c5498 elementor-widget elementor-widget-text-editor\" data-id=\"d8c5498\" data-element_type=\"widget\" data-widget_type=\"text-editor.default\">\n\t\t\t\t<div class=\"elementor-widget-container\">\n\t\t\t\t\t\t\t<p>Deguva - the official representative of the German gas equipment manufacturer GOK (GOK regler- und Armaturen GmbH &amp; Co KG) in Lithuania - offers you only the highest quality gas appliances, gas equipment, tanks, monitoring and control systems using liquid and gaseous energy , range. Deguva engineers with special gas equipment licenses and certificates obtained during internships in Germany are ready to present and acquaint you with all the detailed information about the equipment of this manufacturer, its advantages and specifications.<\/p>\t\t\t\t\t\t<\/div>\n\t\t\t\t<\/div>\n\t\t\t\t<\/div>\n\t\t\t\t<\/div>\n\t\t\t\t<\/div>","protected":false},"excerpt":{"rendered":"<p>AUK\u0160\u010cIAUSIOS KOKYB\u0116S VOKI\u0160KA DUJIN\u0116 \u012eRANGA AUK\u0160\u010cIAUSIOS KOKYB\u0116S VOKI\u0160KA DUJIN\u0116 \u012eRANGA Deguva &#8211; oficialus GOK atstovas Lietuvoje Dvigubos pakopos reguliatoriai Tiesioginiam prijungimui prie suskystint\u0173 duj\u0173 rezervuaro Dviej\u0173 pakop\u0173 reguliatoriai Tiesioginiam prijungimui prie duj\u0173 sl\u0117gio rezervuaro ir \u012frenginio su \u017eemo sl\u0117giu reguliatoriumi sumontuotu prie\u0161 \u012fvad\u0105 \u012f pastat\u0105 Reguliatoriaipramonei Komercin\u0117s ir gamybin\u0117s paskirties suskystint\u0173 duj\u0173 sl\u0117gio reguliavimo sistemoms [&hellip;]<\/p>","protected":false},"author":1,"featured_media":0,"parent":0,"menu_order":0,"comment_status":"closed","ping_status":"closed","template":"","meta":{"site-sidebar-layout":"no-sidebar","site-content-layout":"page-builder","ast-site-content-layout":"","site-content-style":"default","site-sidebar-style":"default","ast-global-header-display":"","ast-banner-title-visibility":"","ast-main-header-display":"","ast-hfb-above-header-display":"","ast-hfb-below-header-display":"","ast-hfb-mobile-header-display":"","site-post-title":"disabled","ast-breadcrumbs-content":"","ast-featured-img":"disabled","footer-sml-layout":"","theme-transparent-header-meta":"enabled","adv-header-id-meta":"","stick-header-meta":"","header-above-stick-meta":"","header-main-stick-meta":"","header-below-stick-meta":"","astra-migrate-meta-layouts":"default","ast-page-background-enabled":"default","ast-page-background-meta":{"desktop":{"background-color":"","background-image":"","background-repeat":"repeat","background-position":"center center","background-size":"auto","background-attachment":"scroll","background-type":"","background-media":"","overlay-type":"","overlay-color":"","overlay-opacity":"","overlay-gradient":""},"tablet":{"background-color":"","background-image":"","background-repeat":"repeat","background-position":"center center","background-size":"auto","background-attachment":"scroll","background-type":"","background-media":"","overlay-type":"","overlay-color":"","overlay-opacity":"","overlay-gradient":""},"mobile":{"background-color":"","background-image":"","background-repeat":"repeat","background-position":"center center","background-size":"auto","background-attachment":"scroll","background-type":"","background-media":"","overlay-type":"","overlay-color":"","overlay-opacity":"","overlay-gradient":""}},"ast-content-background-meta":{"desktop":{"background-color":"var(--ast-global-color-5)","background-image":"","background-repeat":"repeat","background-position":"center center","background-size":"auto","background-attachment":"scroll","background-type":"","background-media":"","overlay-type":"","overlay-color":"","overlay-opacity":"","overlay-gradient":""},"tablet":{"background-color":"var(--ast-global-color-5)","background-image":"","background-repeat":"repeat","background-position":"center center","background-size":"auto","background-attachment":"scroll","background-type":"","background-media":"","overlay-type":"","overlay-color":"","overlay-opacity":"","overlay-gradient":""},"mobile":{"background-color":"var(--ast-global-color-5)","background-image":"","background-repeat":"repeat","background-position":"center center","background-size":"auto","background-attachment":"scroll","background-type":"","background-media":"","overlay-type":"","overlay-color":"","overlay-opacity":"","overlay-gradient":""}},"footnotes":""},"class_list":["post-4736","page","type-page","status-publish","hentry"],"_links":{"self":[{"href":"https:\/\/www.deguva.lt\/en\/wp-json\/wp\/v2\/pages\/4736","targetHints":{"allow":["GET"]}}],"collection":[{"href":"https:\/\/www.deguva.lt\/en\/wp-json\/wp\/v2\/pages"}],"about":[{"href":"https:\/\/www.deguva.lt\/en\/wp-json\/wp\/v2\/types\/page"}],"author":[{"embeddable":true,"href":"https:\/\/www.deguva.lt\/en\/wp-json\/wp\/v2\/users\/1"}],"replies":[{"embeddable":true,"href":"https:\/\/www.deguva.lt\/en\/wp-json\/wp\/v2\/comments?post=4736"}],"version-history":[{"count":76,"href":"https:\/\/www.deguva.lt\/en\/wp-json\/wp\/v2\/pages\/4736\/revisions"}],"predecessor-version":[{"id":5764,"href":"https:\/\/www.deguva.lt\/en\/wp-json\/wp\/v2\/pages\/4736\/revisions\/5764"}],"wp:attachment":[{"href":"https:\/\/www.deguva.lt\/en\/wp-json\/wp\/v2\/media?parent=4736"}],"curies":[{"name":"wp","href":"https:\/\/api.w.org\/{rel}","templated":true}]}}